{"id":30902,"date":"2026-04-23T15:30:50","date_gmt":"2026-04-23T13:30:50","guid":{"rendered":"https:\/\/www.hbm.hu\/?page_id=30902"},"modified":"2026-04-23T15:30:52","modified_gmt":"2026-04-23T13:30:52","slug":"furt-injektalt-talajhorgony","status":"publish","type":"page","link":"https:\/\/www.hbm.hu\/en\/furt-injektalt-talajhorgony\/","title":{"rendered":"F\u00fart, injekt\u00e1lt talajhorgony"},"content":{"rendered":"<div class=\"fusion-fullwidth fullwidth-box fusion-builder-row-1 fusion-flex-container has-pattern-background has-mask-background hundred-percent-fullwidth non-hundred-percent-height-scrolling\" style=\"--awb-border-radius-top-left:0px;--awb-border-radius-top-right:0px;--awb-border-radius-bottom-right:0px;--awb-border-radius-bottom-left:0px;--awb-padding-top:0px;--awb-padding-right:3%;--awb-padding-bottom:0px;--awb-padding-left:4%;--awb-margin-top:0px;--awb-margin-bottom:0px;--awb-flex-wrap:wrap;\" ><div class=\"fusion-builder-row fusion-row fusion-flex-align-items-flex-start fusion-flex-content-wrap\" style=\"width:104% !important;max-width:104% !important;margin-left: calc(-4% \/ 2 );margin-right: calc(-4% \/ 2 );\"><div class=\"fusion-layout-column fusion_builder_column fusion-builder-column-0 fusion_builder_column_1_1 1_1 fusion-flex-column\" style=\"--awb-bg-color:var(--awb-color1);--awb-bg-color-hover:var(--awb-color1);--awb-bg-size:cover;--awb-width-large:100%;--awb-margin-top-large:48px;--awb-spacing-right-large:0%;--awb-margin-bottom-large:0px;--awb-spacing-left-large:1.92%;--awb-width-medium:100%;--awb-order-medium:0;--awb-spacing-right-medium:1.92%;--awb-spacing-left-medium:1.92%;--awb-width-small:100%;--awb-order-small:0;--awb-spacing-right-small:1.92%;--awb-spacing-left-small:1.92%;\"><div class=\"fusion-column-wrapper fusion-column-has-shadow fusion-flex-justify-content-flex-start fusion-content-layout-column\"><div class=\"fusion-text fusion-text-1 intro_titre_rouge\" style=\"--awb-content-alignment:justify;--awb-font-size:18px;\"><p style=\"--fontSize: 60;line-height: 1.2\"><b><span style=\"color: var(--awb-color5);font-size: 35px;line-height: 30px\" data-fusion-font=\"true\">F\u00fart, injekt\u00e1lt talajhorgony<\/span><\/b><\/p>\n<\/div><\/div><\/div><div class=\"fusion-layout-column fusion_builder_column fusion-builder-column-1 fusion_builder_column_1_2 1_2 fusion-flex-column\" style=\"--awb-bg-color:var(--awb-color1);--awb-bg-color-hover:var(--awb-color1);--awb-bg-size:cover;--awb-width-large:50%;--awb-margin-top-large:0px;--awb-spacing-right-large:3.84%;--awb-margin-bottom-large:0px;--awb-spacing-left-large:3.84%;--awb-width-medium:100%;--awb-order-medium:0;--awb-spacing-right-medium:1.92%;--awb-spacing-left-medium:1.92%;--awb-width-small:100%;--awb-order-small:0;--awb-margin-top-small:0px;--awb-spacing-right-small:4.896%;--awb-spacing-left-small:1.92%;\"><div class=\"fusion-column-wrapper fusion-column-has-shadow fusion-flex-justify-content-flex-start fusion-content-layout-column\"><div class=\"fusion-text fusion-text-2 article_chapeau\" style=\"--awb-content-alignment:justify;--awb-font-size:18px;\"><p data-fusion-font=\"true\" style=\"font-size: 15px;line-height: 20px\">Alkalmaz\u00e1si k\u00f6r:<\/p>\n<ul style=\"list-style-type: disc\">\n<li><b data-fusion-font=\"true\" style=\"font-size: 15px;line-height: 20px\">munkat\u00e9rhat\u00e1rol\u00f3 sz\u00e1d-, r\u00e9s- \u00e9s c\u00f6l\u00f6pfalak ideiglenes megt\u00e1maszt\u00f3 szerkezete<\/b><\/li>\n<li><b data-fusion-font=\"true\" style=\"font-size: 15px;line-height: 20px\">ritk\u00e1bban alapoz\u00e1si szerkezet fel\u00fasz\u00e1s elleni h\u00fazott m\u00e9lyalapoz\u00e1sa<\/b><\/li>\n<\/ul>\n<p><span data-fusion-font=\"true\" style=\"font-size: 15px;line-height: 20px\">Az elj\u00e1r\u00e1s <\/span><b data-fusion-font=\"true\" style=\"font-size: 15px;line-height: 20px\">l\u00e9nyege<\/b><span data-fusion-font=\"true\" style=\"font-size: 15px;line-height: 20px\">, hogy az elk\u00e9sz\u00fclt <\/span><b data-fusion-font=\"true\" style=\"font-size: 15px;line-height: 20px\">munkat\u00e9rhat\u00e1rol\u00f3 falba \u00e9p\u00edtett horgony\u00e1tvezet\u0151 szerelv\u00e9nyeken kereszt\u00fcl<\/b><span data-fusion-font=\"true\" style=\"font-size: 15px;line-height: 20px\"> k\u00f6zel v\u00edzszintes <\/span><b data-fusion-font=\"true\" style=\"font-size: 15px;line-height: 20px\">furatok k\u00e9sz\u00fclnek<\/b><span data-fusion-font=\"true\" style=\"font-size: 15px;line-height: 20px\">, amelybe <\/span><b data-fusion-font=\"true\" style=\"font-size: 15px;line-height: 20px\">nagy szil\u00e1rds\u00e1g\u00fa ac\u00e9l fesz\u00edt\u0151p\u00e1szma ker\u00fcl elhelyez\u00e9sre<\/b><span data-fusion-font=\"true\" style=\"font-size: 15px;line-height: 20px\">. A p\u00e1szma k\u00f6r\u00fcli talaj <\/span><b data-fusion-font=\"true\" style=\"font-size: 15px;line-height: 20px\">cementhabarccsal val\u00f3 injekt\u00e1l\u00e1sa<\/b><span data-fusion-font=\"true\" style=\"font-size: 15px;line-height: 20px\"> \u00e9s annak <\/span><b data-fusion-font=\"true\" style=\"font-size: 15px;line-height: 20px\">megszil\u00e1rdul\u00e1sa ut\u00e1n<\/b><span data-fusion-font=\"true\" style=\"font-size: 15px;line-height: 20px\"> a kivitelezett horgonyok, m\u00e9rn\u00f6ki fel\u00fcgyelet mellett, <\/span><b data-fusion-font=\"true\" style=\"font-size: 15px;line-height: 20px\">megfesz\u00edt\u00e9sre ker\u00fclnek<\/b><span data-fusion-font=\"true\" style=\"font-size: 15px;line-height: 20px\">, \u00edgy biztos\u00edtva, hogy a <\/span><b data-fusion-font=\"true\" style=\"font-size: 15px;line-height: 20px\">munkat\u00e9rhat\u00e1rol\u00f3 fal minim\u00e1lis elmozdul\u00e1sok mellett \u00e1ll\u00e9kony marad<\/b><span data-fusion-font=\"true\" style=\"font-size: 15px;line-height: 20px\">.<\/span><\/p>\n<\/div><\/div><\/div><div class=\"fusion-layout-column fusion_builder_column fusion-builder-column-2 fusion_builder_column_1_2 1_2 fusion-flex-column\" style=\"--awb-padding-top-small:0px;--awb-padding-bottom-small:0px;--awb-bg-size:cover;--awb-width-large:50%;--awb-margin-top-large:0px;--awb-spacing-right-large:5.76%;--awb-margin-bottom-large:0px;--awb-spacing-left-large:3.84%;--awb-width-medium:100%;--awb-order-medium:0;--awb-spacing-right-medium:1.92%;--awb-spacing-left-medium:1.92%;--awb-width-small:100%;--awb-order-small:0;--awb-margin-top-small:0px;--awb-spacing-right-small:4.8%;--awb-margin-bottom-small:0px;--awb-spacing-left-small:1.92%;\"><div class=\"fusion-column-wrapper fusion-column-has-shadow fusion-flex-justify-content-flex-start fusion-content-layout-column\"><div class=\"fusion-image-element \" style=\"--awb-caption-title-font-family:var(--h2_typography-font-family);--awb-caption-title-font-weight:var(--h2_typography-font-weight);--awb-caption-title-font-style:var(--h2_typography-font-style);--awb-caption-title-size:var(--h2_typography-font-size);--awb-caption-title-transform:var(--h2_typography-text-transform);--awb-caption-title-line-height:var(--h2_typography-line-height);--awb-caption-title-letter-spacing:var(--h2_typography-letter-spacing);\"><span class=\" fusion-imageframe imageframe-none imageframe-1 hover-type-none\"><img decoding=\"async\" width=\"1024\" height=\"576\" title=\"sb_soil mixing &#8211; f\u00fart injekt\u00e1lt horgony\" src=\"https:\/\/www.hbm.hu\/wp-content\/uploads\/sites\/6\/2026\/01\/sb_soil-mixing-furt-injektalt-horgony-scaled.jpg\" data-orig-src=\"https:\/\/www.hbm.hu\/wp-content\/uploads\/sites\/6\/2026\/01\/sb_soil-mixing-furt-injektalt-horgony-1024x576.jpg\" alt class=\"lazyload img-responsive wp-image-30289\" srcset=\"data:image\/svg+xml,%3Csvg%20xmlns%3D%27http%3A%2F%2Fwww.w3.org%2F2000%2Fsvg%27%20width%3D%272560%27%20height%3D%271440%27%20viewBox%3D%270%200%202560%201440%27%3E%3Crect%20width%3D%272560%27%20height%3D%271440%27%20fill-opacity%3D%220%22%2F%3E%3C%2Fsvg%3E\" data-srcset=\"https:\/\/www.hbm.hu\/wp-content\/uploads\/sites\/6\/2026\/01\/sb_soil-mixing-furt-injektalt-horgony-200x113.jpg 200w, https:\/\/www.hbm.hu\/wp-content\/uploads\/sites\/6\/2026\/01\/sb_soil-mixing-furt-injektalt-horgony-400x225.jpg 400w, https:\/\/www.hbm.hu\/wp-content\/uploads\/sites\/6\/2026\/01\/sb_soil-mixing-furt-injektalt-horgony-600x338.jpg 600w, https:\/\/www.hbm.hu\/wp-content\/uploads\/sites\/6\/2026\/01\/sb_soil-mixing-furt-injektalt-horgony-800x450.jpg 800w, https:\/\/www.hbm.hu\/wp-content\/uploads\/sites\/6\/2026\/01\/sb_soil-mixing-furt-injektalt-horgony-1200x675.jpg 1200w\" data-sizes=\"auto\" data-orig-sizes=\"(max-width: 1024px) 100vw, (max-width: 640px) 100vw, 600px\" \/><\/span><\/div><\/div><\/div><\/div><\/div>\n","protected":false},"excerpt":{"rendered":"","protected":false},"author":1830,"featured_media":0,"parent":0,"menu_order":0,"comment_status":"closed","ping_status":"closed","template":"100-width.php","meta":{"_acf_changed":false,"footnotes":""},"class_list":["post-30902","page","type-page","status-publish","hentry"],"aioseo_notices":[],"acf":[],"_links":{"self":[{"href":"https:\/\/www.hbm.hu\/en\/wp-json\/wp\/v2\/pages\/30902","targetHints":{"allow":["GET"]}}],"collection":[{"href":"https:\/\/www.hbm.hu\/en\/wp-json\/wp\/v2\/pages"}],"about":[{"href":"https:\/\/www.hbm.hu\/en\/wp-json\/wp\/v2\/types\/page"}],"author":[{"embeddable":true,"href":"https:\/\/www.hbm.hu\/en\/wp-json\/wp\/v2\/users\/1830"}],"replies":[{"embeddable":true,"href":"https:\/\/www.hbm.hu\/en\/wp-json\/wp\/v2\/comments?post=30902"}],"version-history":[{"count":18,"href":"https:\/\/www.hbm.hu\/en\/wp-json\/wp\/v2\/pages\/30902\/revisions"}],"predecessor-version":[{"id":31960,"href":"https:\/\/www.hbm.hu\/en\/wp-json\/wp\/v2\/pages\/30902\/revisions\/31960"}],"wp:attachment":[{"href":"https:\/\/www.hbm.hu\/en\/wp-json\/wp\/v2\/media?parent=30902"}],"curies":[{"name":"wp","href":"https:\/\/api.w.org\/{rel}","templated":true}]}}