{"id":6323,"date":"2022-02-03T08:19:04","date_gmt":"2022-02-03T07:19:04","guid":{"rendered":"https:\/\/www.hbm.hu\/?page_id=6323"},"modified":"2022-02-03T08:48:48","modified_gmt":"2022-02-03T07:48:48","slug":"sustainability","status":"publish","type":"page","link":"https:\/\/www.hbm.hu\/en\/about-us\/sustainability\/","title":{"rendered":"Sustainability"},"content":{"rendered":"<p><div class=\"fusion-fullwidth fullwidth-box fusion-builder-row-1 fusion-parallax-none nonhundred-percent-fullwidth non-hundred-percent-height-scrolling lazyload\" style=\"--awb-background-position:left top;--awb-background-repeat:repeat;--awb-border-sizes-top:0px;--awb-border-sizes-bottom:0px;--awb-border-sizes-left:0px;--awb-border-sizes-right:0px;--awb-border-radius-top-left:0px;--awb-border-radius-top-right:0px;--awb-border-radius-bottom-right:0px;--awb-border-radius-bottom-left:0px;--awb-padding-top:3%;--awb-padding-bottom:3%;--awb-margin-top:0px;--awb-margin-bottom:0px;--awb-background-color:rgba(255,255,255,0.67);--awb-flex-wrap:wrap;\" data-bg=\"https:\/\/www.hbm.hu\/wp-content\/uploads\/sites\/6\/2019\/10\/cross-red-fade.756e6534miniopa.jpg\" ><div class=\"fusion-builder-row fusion-row\"><div class=\"fusion-layout-column fusion_builder_column fusion-builder-column-0 fusion_builder_column_1_1 1_1 fusion-one-full fusion-column-first fusion-column-last fusion-animated\" style=\"--awb-bg-size:cover;\" data-animationType=\"fadeInUp\" data-animationDuration=\"1.0\" data-animationOffset=\"top-into-view\"><div class=\"fusion-column-wrapper fusion-column-has-shadow fusion-flex-column-wrapper-legacy\"><div class=\"fusion-text fusion-text-1 intro_titre_rouge\" style=\"--awb-text-transform:none;\"><h2>Sustainable construction and environmental protection<\/h2>\n<\/div><div class=\"fusion-text fusion-text-2 article_chapeau\" style=\"--awb-text-transform:none;\"><p>We contribute to the transformation of the natural environment through our work, therefore we are committed to protecting it. As an industry pioneer, HBM Soletanche Bachy is taking direct steps in the area of sustainability, while constantly learning from its environment and partners.<\/p>\n<p><strong>Our primary environmental goal is to reduce our carbon footprint by 40% by the end of the decade.<\/strong> To achieve this goal, we aim to:<\/p>\n<ul>\n<li>design material-saving, low-impact solutions<\/li>\n<li>use alternative building materials with low environmental impact<\/li>\n<li>use modern, hybrid machines<\/li>\n<li>reduce our water consumption<\/li>\n<\/ul>\n<p>In addition to environmental measures related to construction activities we:<\/p>\n<ul>\n<li>improve the energy consumption of our offices<\/li>\n<li>reduce the fuel consumption of our vehicles<\/li>\n<li>optimize our waste management practices<\/li>\n<\/ul>\n<p>With the environmental impact monitoring system of our construction activities, we continuously analyze our operations so that we can always offer our customers state-of-art environmentally friendly solutions.<\/p>\n<\/div><div class=\"fusion-image-element in-legacy-container\" style=\"--awb-caption-title-font-family:var(--h2_typography-font-family);--awb-caption-title-font-weight:var(--h2_typography-font-weight);--awb-caption-title-font-style:var(--h2_typography-font-style);--awb-caption-title-size:var(--h2_typography-font-size);--awb-caption-title-transform:var(--h2_typography-text-transform);--awb-caption-title-line-height:var(--h2_typography-line-height);--awb-caption-title-letter-spacing:var(--h2_typography-letter-spacing);\"><span class=\" fusion-imageframe imageframe-none imageframe-1 hover-type-none\"><img decoding=\"async\" width=\"1600\" height=\"1066\" alt=\"tisza-tur-viztarozo-HBM\" title=\"200917_NM&#8211;0258\" src=\"https:\/\/www.hbm.hu\/wp-content\/uploads\/sites\/6\/2021\/04\/200917_NM-0258.jpg\" data-orig-src=\"https:\/\/www.hbm.hu\/wp-content\/uploads\/sites\/6\/2021\/04\/200917_NM-0258.jpg\" class=\"lazyload img-responsive wp-image-6150\" srcset=\"data:image\/svg+xml,%3Csvg%20xmlns%3D%27http%3A%2F%2Fwww.w3.org%2F2000%2Fsvg%27%20width%3D%271600%27%20height%3D%271066%27%20viewBox%3D%270%200%201600%201066%27%3E%3Crect%20width%3D%271600%27%20height%3D%271066%27%20fill-opacity%3D%220%22%2F%3E%3C%2Fsvg%3E\" data-srcset=\"https:\/\/www.hbm.hu\/wp-content\/uploads\/sites\/6\/2021\/04\/200917_NM-0258-200x133.jpg 200w, https:\/\/www.hbm.hu\/wp-content\/uploads\/sites\/6\/2021\/04\/200917_NM-0258-400x267.jpg 400w, https:\/\/www.hbm.hu\/wp-content\/uploads\/sites\/6\/2021\/04\/200917_NM-0258-600x400.jpg 600w, https:\/\/www.hbm.hu\/wp-content\/uploads\/sites\/6\/2021\/04\/200917_NM-0258-800x533.jpg 800w, https:\/\/www.hbm.hu\/wp-content\/uploads\/sites\/6\/2021\/04\/200917_NM-0258-1200x800.jpg 1200w, https:\/\/www.hbm.hu\/wp-content\/uploads\/sites\/6\/2021\/04\/200917_NM-0258.jpg 1600w\" data-sizes=\"auto\" data-orig-sizes=\"(max-width: 1000px) 100vw, 1600px\" \/><\/span><\/div><div class=\"fusion-clearfix\"><\/div><\/div><\/div><\/div><\/div><div class=\"fusion-fullwidth fullwidth-box fusion-builder-row-2 hundred-percent-fullwidth non-hundred-percent-height-scrolling fusion-equal-height-columns fusion-no-small-visibility no-pdf\" style=\"--awb-background-repeat:repeat;--awb-border-radius-top-left:0px;--awb-border-radius-top-right:0px;--awb-border-radius-bottom-right:0px;--awb-border-radius-bottom-left:0px;--awb-padding-top:90px;--awb-padding-right:0px;--awb-padding-bottom:90px;--awb-padding-left:0px;--awb-margin-top:0px;--awb-margin-bottom:0px;--awb-flex-wrap:wrap;\" ><div class=\"fusion-builder-row fusion-row\"><div class=\"fusion-layout-column fusion_builder_column fusion-builder-column-1 fusion_builder_column_1_2 1_2 fusion-one-half fusion-column-first\" style=\"--awb-padding-top:50px;--awb-padding-right:50px;--awb-padding-bottom:50px;--awb-padding-left:50px;--awb-bg-color:#e20025;--awb-bg-color-hover:#e20025;--awb-bg-size:cover;--awb-margin-top:150px;--awb-margin-bottom:0px;width:50%;width:calc(50% - ( ( 0 ) * 0.5 ) );margin-right: 0px;\"><div class=\"fusion-column-wrapper fusion-column-has-shadow fusion-flex-column-wrapper-legacy\"><div class=\"fusion-column-content-centered\"><div class=\"fusion-column-content\"><div class=\"fusion-text fusion-text-3 white\"><p style=\"text-align: center\"><b style=\"font-size: 30px;line-height: 22px\" data-fusion-font=\"true\">\u00a0<\/b><\/p>\n<p style=\"text-align: center\"><b style=\"font-size: 30px;line-height: 22px\" data-fusion-font=\"true\">Szolg\u00e1ltat\u00e1saink hozz\u00e1j\u00e1rulhatnak a projektje sikeress\u00e9g\u00e9hez?<\/b><\/p>\n<p style=\"text-align: center;font-size: 20px\" data-fusion-font=\"true\">\u00a0<\/p>\n<p style=\"text-align: center;font-size: 20px\" data-fusion-font=\"true\">\n<\/div><div class=\"fusion-text fusion-text-4 white\"><p style=\"text-align: center;font-size: 20px\" data-fusion-font=\"true\">Forduljon hozz\u00e1nk bizalommal!<\/p>\n<p style=\"text-align: center;font-size: 20px\" data-fusion-font=\"true\">\u00a0<\/p>\n<p style=\"text-align: center;font-size: 20px\" data-fusion-font=\"true\">\n<\/div><div class=\"fusion-sep-clear\"><\/div><div class=\"fusion-separator fusion-full-width-sep\" style=\"margin-left: auto;margin-right: auto;margin-top:20px;width:100%;\"><\/div><div class=\"fusion-sep-clear\"><\/div><div class=\"fusion-aligncenter\"><a class=\"fusion-button button-flat button-large button-custom fusion-button-default button-1 fusion-button-default-span fusion-button-default-type\" style=\"--button_accent_color:#004489;--button_border_color:#004489;--button_accent_hover_color:#ffffff;--button_border_hover_color:#004489;--button_border_width-top:1px;--button_border_width-right:1px;--button_border_width-bottom:1px;--button_border_width-left:1px;--button-border-radius-top-left:6px;--button-border-radius-top-right:6px;--button-border-radius-bottom-right:6px;--button-border-radius-bottom-left:6px;--button_gradient_top_color:#ffffff;--button_gradient_bottom_color:#ffffff;--button_gradient_top_color_hover:#004489;--button_gradient_bottom_color_hover:#004489;--button_text_transform:none;\" target=\"_self\" href=\"https:\/\/www.hbm.hu\/kapcsolat\/\"><i class=\"fa-arrow-right fas awb-button__icon awb-button__icon--default button-icon-left\" aria-hidden=\"true\"><\/i><span class=\"fusion-button-text awb-button__text awb-button__text--default\">K\u00e9rjen aj\u00e1nlatot!<\/span><\/a><\/div><div class=\"fusion-text fusion-text-5\"><\/p>\n<p style=\"text-align: center;font-size: 20px\" data-fusion-font=\"true\">\n<p style=\"text-align: center;font-size: 20px\" data-fusion-font=\"true\">\n<\/div><\/div><\/div><div class=\"fusion-clearfix\"><\/div><\/div><\/div><div class=\"fusion-layout-column fusion_builder_column fusion-builder-column-2 fusion_builder_column_1_2 1_2 fusion-one-half fusion-column-last fusion-column-no-min-height\" style=\"--awb-bg-size:cover;--awb-margin-top:0px;--awb-margin-bottom:0px;width:50%;width:calc(50% - ( ( 0 ) * 0.5 ) );\"><div class=\"fusion-column-wrapper fusion-column-has-shadow fusion-flex-column-wrapper-legacy\"><div class=\"fusion-column-content-centered\"><div class=\"fusion-column-content\"><div class=\"fusion-image-element fusion-image-align-center in-legacy-container\" style=\"text-align:center;--awb-caption-title-font-family:var(--h2_typography-font-family);--awb-caption-title-font-weight:var(--h2_typography-font-weight);--awb-caption-title-font-style:var(--h2_typography-font-style);--awb-caption-title-size:var(--h2_typography-font-size);--awb-caption-title-transform:var(--h2_typography-text-transform);--awb-caption-title-line-height:var(--h2_typography-line-height);--awb-caption-title-letter-spacing:var(--h2_typography-letter-spacing);\"><div class=\"imageframe-align-center\"><span class=\" fusion-imageframe imageframe-none imageframe-2 hover-type-none fusion-animated\" data-animationType=\"fadeInLeft\" data-animationDuration=\"0.3\" data-animationOffset=\"top-into-view\"><img decoding=\"async\" width=\"2000\" height=\"1125\" title=\"3387\u00d71905-PPT-jeunes\" src=\"https:\/\/www.hbm.hu\/wp-content\/uploads\/sites\/6\/2019\/10\/3387\u00d71905-PPT-jeunes.jpg\" data-orig-src=\"https:\/\/www.hbm.hu\/wp-content\/uploads\/sites\/6\/2019\/10\/3387\u00d71905-PPT-jeunes.jpg\" alt class=\"lazyload img-responsive wp-image-3161\" srcset=\"data:image\/svg+xml,%3Csvg%20xmlns%3D%27http%3A%2F%2Fwww.w3.org%2F2000%2Fsvg%27%20width%3D%272000%27%20height%3D%271125%27%20viewBox%3D%270%200%202000%201125%27%3E%3Crect%20width%3D%272000%27%20height%3D%271125%27%20fill-opacity%3D%220%22%2F%3E%3C%2Fsvg%3E\" data-srcset=\"https:\/\/www.hbm.hu\/wp-content\/uploads\/sites\/6\/2019\/10\/3387\u00d71905-PPT-jeunes-200x113.jpg 200w, https:\/\/www.hbm.hu\/wp-content\/uploads\/sites\/6\/2019\/10\/3387\u00d71905-PPT-jeunes-400x225.jpg 400w, https:\/\/www.hbm.hu\/wp-content\/uploads\/sites\/6\/2019\/10\/3387\u00d71905-PPT-jeunes-600x338.jpg 600w, https:\/\/www.hbm.hu\/wp-content\/uploads\/sites\/6\/2019\/10\/3387\u00d71905-PPT-jeunes-800x450.jpg 800w, https:\/\/www.hbm.hu\/wp-content\/uploads\/sites\/6\/2019\/10\/3387\u00d71905-PPT-jeunes-1200x675.jpg 1200w, https:\/\/www.hbm.hu\/wp-content\/uploads\/sites\/6\/2019\/10\/3387\u00d71905-PPT-jeunes.jpg 2000w\" data-sizes=\"auto\" data-orig-sizes=\"(max-width: 1000px) 100vw, 800px\" \/><\/span><\/div><\/div><\/div><\/div><div class=\"fusion-clearfix\"><\/div><\/div><\/div><\/div><\/div>\n<div class=\"fusion-fullwidth fullwidth-box fusion-builder-row-3 fusion-flex-container nonhundred-percent-fullwidth non-hundred-percent-height-scrolling\" style=\"--awb-border-radius-top-left:0px;--awb-border-radius-top-right:0px;--awb-border-radius-bottom-right:0px;--awb-border-radius-bottom-left:0px;--awb-flex-wrap:wrap;\" ><div class=\"fusion-builder-row fusion-row fusion-flex-align-items-flex-start fusion-flex-content-wrap\" style=\"max-width:1352px;margin-left: calc(-4% \/ 2 );margin-right: calc(-4% \/ 2 );\"><\/div><\/div><\/p>\n","protected":false},"excerpt":{"rendered":"","protected":false},"author":1,"featured_media":0,"parent":1176,"menu_order":0,"comment_status":"closed","ping_status":"closed","template":"100-width.php","meta":{"_acf_changed":false,"footnotes":""},"class_list":["post-6323","page","type-page","status-publish","hentry"],"aioseo_notices":[],"acf":[],"_links":{"self":[{"href":"https:\/\/www.hbm.hu\/en\/wp-json\/wp\/v2\/pages\/6323","targetHints":{"allow":["GET"]}}],"collection":[{"href":"https:\/\/www.hbm.hu\/en\/wp-json\/wp\/v2\/pages"}],"about":[{"href":"https:\/\/www.hbm.hu\/en\/wp-json\/wp\/v2\/types\/page"}],"author":[{"embeddable":true,"href":"https:\/\/www.hbm.hu\/en\/wp-json\/wp\/v2\/users\/1"}],"replies":[{"embeddable":true,"href":"https:\/\/www.hbm.hu\/en\/wp-json\/wp\/v2\/comments?post=6323"}],"version-history":[{"count":0,"href":"https:\/\/www.hbm.hu\/en\/wp-json\/wp\/v2\/pages\/6323\/revisions"}],"up":[{"embeddable":true,"href":"https:\/\/www.hbm.hu\/en\/wp-json\/wp\/v2\/pages\/1176"}],"wp:attachment":[{"href":"https:\/\/www.hbm.hu\/en\/wp-json\/wp\/v2\/media?parent=6323"}],"curies":[{"name":"wp","href":"https:\/\/api.w.org\/{rel}","templated":true}]}}